{"id":181,"date":"2016-06-03T02:52:45","date_gmt":"2016-06-03T00:52:45","guid":{"rendered":"http:\/\/www.lmp.wmie.uz.zgora.pl\/?page_id=181"},"modified":"2018-04-15T22:47:46","modified_gmt":"2018-04-15T20:47:46","slug":"o-nas","status":"publish","type":"page","link":"http:\/\/www.lmp.wmie.uz.zgora.pl\/?page_id=181","title":{"rendered":"O nas"},"content":{"rendered":"<hr \/>\n<p>Ko\u0142o Naukowe Laboratorium &#8222;Matematyczne&#8221; Paradoks zosta\u0142o wpisane do Rejestru K\u00f3\u0142 Naukowych Uniwersytetu Zielonog\u00f3rskiego 2 grudnia 2013 roku.<br \/>\nJego siedzib\u0105 jest Wydzia\u0142 Matematyki, Informatyki i Ekonometrii Uniwersytetu Zielonog\u00f3rskiego.<\/p>\n<p>Ide\u0105 Ko\u0142a Naukowego Laboratorium &#8222;Matematyczne&#8221; Paradoks jest propagowanie matematyki w\u015br\u00f3d student\u00f3w i m\u0142odzie\u017cy szkolnej poprzez turnieje zadaniowe, konkursy krajowe i mi\u0119dzynarodowe, warsztaty origami, gry planszowe i symulacyjne.<\/p>\n<p>Cz\u0142onkowie ko\u0142a zamierzaj\u0105 zorganizowa\u0107:<\/p>\n<ul>\n<li><span style=\"font-family: Tahoma; font-size: large;\">warsztaty gier planszowych i symulacyjnych,<\/span><\/li>\n<li><span style=\"font-family: Tahoma; font-size: large;\">warsztaty origami,<\/span><\/li>\n<li><span style=\"font-family: Tahoma; font-size: large;\">turnieje zadaniowe,<\/span><\/li>\n<li><span style=\"font-family: Tahoma; font-size: large;\">turnieje gier<\/span><\/li>\n<\/ul>\n<p>dla student\u00f3w Wydzia\u0142u Matematyki, Informatyki i Ekonometrii, a nast\u0119pnie dla student\u00f3w innych wydzia\u0142\u00f3w Uniwersytetu Zielonog\u00f3rskiego.<\/p>\n","protected":false},"excerpt":{"rendered":"<p>Ko\u0142o Naukowe Laboratorium &#8222;Matematyczne&#8221; Paradoks zosta\u0142o wpisane do Rejestru K\u00f3\u0142 Naukowych Uniwersytetu Zielonog\u00f3rskiego 2 grudnia 2013 roku. Jego siedzib\u0105 jest<\/p>\n","protected":false},"author":2,"featured_media":53,"parent":0,"menu_order":0,"comment_status":"closed","ping_status":"closed","template":"","meta":[],"_links":{"self":[{"href":"http:\/\/www.lmp.wmie.uz.zgora.pl\/index.php?rest_route=\/wp\/v2\/pages\/181"}],"collection":[{"href":"http:\/\/www.lmp.wmie.uz.zgora.pl\/index.php?rest_route=\/wp\/v2\/pages"}],"about":[{"href":"http:\/\/www.lmp.wmie.uz.zgora.pl\/index.php?rest_route=\/wp\/v2\/types\/page"}],"author":[{"embeddable":true,"href":"http:\/\/www.lmp.wmie.uz.zgora.pl\/index.php?rest_route=\/wp\/v2\/users\/2"}],"replies":[{"embeddable":true,"href":"http:\/\/www.lmp.wmie.uz.zgora.pl\/index.php?rest_route=%2Fwp%2Fv2%2Fcomments&post=181"}],"version-history":[{"count":7,"href":"http:\/\/www.lmp.wmie.uz.zgora.pl\/index.php?rest_route=\/wp\/v2\/pages\/181\/revisions"}],"predecessor-version":[{"id":808,"href":"http:\/\/www.lmp.wmie.uz.zgora.pl\/index.php?rest_route=\/wp\/v2\/pages\/181\/revisions\/808"}],"wp:featuredmedia":[{"embeddable":true,"href":"http:\/\/www.lmp.wmie.uz.zgora.pl\/index.php?rest_route=\/wp\/v2\/media\/53"}],"wp:attachment":[{"href":"http:\/\/www.lmp.wmie.uz.zgora.pl\/index.php?rest_route=%2Fwp%2Fv2%2Fmedia&parent=181"}],"curies":[{"name":"wp","href":"https:\/\/api.w.org\/{rel}","templated":true}]}}