{"id":2,"date":"2016-06-02T23:41:42","date_gmt":"2016-06-02T21:41:42","guid":{"rendered":"http:\/\/www.lmp.wmie.uz.zgora.pl\/?page_id=2"},"modified":"2023-01-26T19:33:27","modified_gmt":"2023-01-26T18:33:27","slug":"zarzad","status":"publish","type":"page","link":"http:\/\/www.lmp.wmie.uz.zgora.pl\/?page_id=2","title":{"rendered":"Zarz\u0105d"},"content":{"rendered":"<h1 style=\"text-align: center;\"><strong>Zarz\u0105d ko\u0142a<\/strong><\/h1>\n<hr \/>\n<h3 style=\"text-align: center;\"><strong>Opiekun naukowy ko\u0142a: dr Rados\u0142awa Kranz<\/strong><\/h3>\n<h4 style=\"text-align: center;\">Przewodnicz\u0105ca: Aleksandra Kowalewicz<\/h4>\n<h4 style=\"text-align: center;\">Wiceprzewodnicz\u0105ca: Weronika Czarnecka<\/h4>\n<h4 style=\"text-align: center;\">Rzecznik prasowy: dr Ewa Sylwestrzak-Ma\u015blanka<\/h4>\n<h4 style=\"text-align: center;\">Social media: Weronika Konieczna<\/h4>\n\n\n<p><\/p>\n","protected":false},"excerpt":{"rendered":"<p>Zarz\u0105d ko\u0142a Opiekun naukowy ko\u0142a: dr Rados\u0142awa Kranz Przewodnicz\u0105ca: Aleksandra Kowalewicz Wiceprzewodnicz\u0105ca: Weronika Czarnecka Rzecznik prasowy: dr Ewa Sylwestrzak-Ma\u015blanka Social<\/p>\n","protected":false},"author":2,"featured_media":1289,"parent":0,"menu_order":0,"comment_status":"closed","ping_status":"open","template":"","meta":[],"_links":{"self":[{"href":"http:\/\/www.lmp.wmie.uz.zgora.pl\/index.php?rest_route=\/wp\/v2\/pages\/2"}],"collection":[{"href":"http:\/\/www.lmp.wmie.uz.zgora.pl\/index.php?rest_route=\/wp\/v2\/pages"}],"about":[{"href":"http:\/\/www.lmp.wmie.uz.zgora.pl\/index.php?rest_route=\/wp\/v2\/types\/page"}],"author":[{"embeddable":true,"href":"http:\/\/www.lmp.wmie.uz.zgora.pl\/index.php?rest_route=\/wp\/v2\/users\/2"}],"replies":[{"embeddable":true,"href":"http:\/\/www.lmp.wmie.uz.zgora.pl\/index.php?rest_route=%2Fwp%2Fv2%2Fcomments&post=2"}],"version-history":[{"count":28,"href":"http:\/\/www.lmp.wmie.uz.zgora.pl\/index.php?rest_route=\/wp\/v2\/pages\/2\/revisions"}],"predecessor-version":[{"id":1317,"href":"http:\/\/www.lmp.wmie.uz.zgora.pl\/index.php?rest_route=\/wp\/v2\/pages\/2\/revisions\/1317"}],"wp:featuredmedia":[{"embeddable":true,"href":"http:\/\/www.lmp.wmie.uz.zgora.pl\/index.php?rest_route=\/wp\/v2\/media\/1289"}],"wp:attachment":[{"href":"http:\/\/www.lmp.wmie.uz.zgora.pl\/index.php?rest_route=%2Fwp%2Fv2%2Fmedia&parent=2"}],"curies":[{"name":"wp","href":"https:\/\/api.w.org\/{rel}","templated":true}]}}