{"id":221,"date":"2016-11-13T19:49:27","date_gmt":"2016-11-13T18:49:27","guid":{"rendered":"http:\/\/www.lmp.wmie.uz.zgora.pl\/?page_id=221"},"modified":"2019-11-15T15:16:42","modified_gmt":"2019-11-15T14:16:42","slug":"projekty","status":"publish","type":"page","link":"http:\/\/www.lmp.wmie.uz.zgora.pl\/?page_id=221","title":{"rendered":"Projekty"},"content":{"rendered":"<hr>\n<h2>1. <a href=\"http:\/\/www.lmp.wmie.uz.zgora.pl\/?page_id=497\">Mi\u0119dzywydzia\u0142owe RozGRYwki gier planszowych<\/a><\/h2>\n<h2>2. <a href=\"http:\/\/www.lmp.wmie.uz.zgora.pl\/?p=282\">Zielonog\u00f3rska Noc Matematyki na UZ<\/a><\/h2>\n<h2>3. <a href=\"http:\/\/www.lmp.wmie.uz.zgora.pl\/?page_id=1086\">Zielonog\u00f3rskie Spotkania z Matematyk\u0105<\/a><\/h2>\n\n\n<p><\/p>\n","protected":false},"excerpt":{"rendered":"<p>1. Mi\u0119dzywydzia\u0142owe RozGRYwki gier planszowych 2. Zielonog\u00f3rska Noc Matematyki na UZ 3. Zielonog\u00f3rskie Spotkania z Matematyk\u0105<\/p>\n","protected":false},"author":3,"featured_media":0,"parent":0,"menu_order":4,"comment_status":"closed","ping_status":"closed","template":"","meta":[],"_links":{"self":[{"href":"http:\/\/www.lmp.wmie.uz.zgora.pl\/index.php?rest_route=\/wp\/v2\/pages\/221"}],"collection":[{"href":"http:\/\/www.lmp.wmie.uz.zgora.pl\/index.php?rest_route=\/wp\/v2\/pages"}],"about":[{"href":"http:\/\/www.lmp.wmie.uz.zgora.pl\/index.php?rest_route=\/wp\/v2\/types\/page"}],"author":[{"embeddable":true,"href":"http:\/\/www.lmp.wmie.uz.zgora.pl\/index.php?rest_route=\/wp\/v2\/users\/3"}],"replies":[{"embeddable":true,"href":"http:\/\/www.lmp.wmie.uz.zgora.pl\/index.php?rest_route=%2Fwp%2Fv2%2Fcomments&post=221"}],"version-history":[{"count":5,"href":"http:\/\/www.lmp.wmie.uz.zgora.pl\/index.php?rest_route=\/wp\/v2\/pages\/221\/revisions"}],"predecessor-version":[{"id":1097,"href":"http:\/\/www.lmp.wmie.uz.zgora.pl\/index.php?rest_route=\/wp\/v2\/pages\/221\/revisions\/1097"}],"wp:attachment":[{"href":"http:\/\/www.lmp.wmie.uz.zgora.pl\/index.php?rest_route=%2Fwp%2Fv2%2Fmedia&parent=221"}],"curies":[{"name":"wp","href":"https:\/\/api.w.org\/{rel}","templated":true}]}}