{"id":499,"date":"2017-11-27T13:09:41","date_gmt":"2017-11-27T12:09:41","guid":{"rendered":"http:\/\/www.lmp.wmie.uz.zgora.pl\/?page_id=499"},"modified":"2017-12-04T17:22:25","modified_gmt":"2017-12-04T16:22:25","slug":"regulamin","status":"publish","type":"page","link":"http:\/\/www.lmp.wmie.uz.zgora.pl\/?page_id=499","title":{"rendered":"Regulamin"},"content":{"rendered":"<table border=\"solid\">\n<tbody>\n<tr>\n<td><img decoding=\"async\" loading=\"lazy\" class=\"alignnone size-full wp-image-578\" src=\"http:\/\/www.lmp.wmie.uz.zgora.pl\/wp-content\/uploads\/2017\/11\/lmp.gif\" alt=\"lmp\" width=\"444\" height=\"207\" \/><\/td>\n<td>Uniwersytet Zielonog\u00f3rski<br \/>\nWydzia\u0142 Matematyki, Informatyki i Ekonometrii<br \/>\nul. prof. Z. Szafrana 4a<br \/>\n65-516 Zielona G\u00f3ra<\/td>\n<td><img decoding=\"async\" loading=\"lazy\" class=\"alignnone size-full wp-image-493\" src=\"http:\/\/www.lmp.wmie.uz.zgora.pl\/wp-content\/uploads\/2017\/11\/logo_wmie-1.jpg\" alt=\"logo_wmie\" width=\"216\" height=\"185\" \/><\/td>\n<\/tr>\n<\/tbody>\n<\/table>\n<p><font size=\"2\"><\/p>\n<p style=\"text-align: center;\"><strong>REGULAMIN<\/strong><\/p>\n<p>Turniej Gier Planszowych jest elementem projektu \u201eEdutainment. Turniej Gier Planszowych- edycja miko\u0142ajkowa realizowany przez Ko\u0142o Naukowe Laboratorium \u201eMatematyczne\u201d Paradoks z siedzib\u0105 1na Wydziale Matematyki, Informatyki i Ekonometrii Uniwersytetu Zielonog\u00f3rskiego finansowanego w ramach \u015brodk\u00f3w przekazanych na dzia\u0142alno\u015b\u0107 k\u00f3\u0142 naukowych zarejestrowanych na Uniwersytecie Zielonog\u00f3rskim. Niniejszy regulamin okre\u015bla zasady rekrutacji, zasady uczestnictwa oraz prawa i obowi\u0105zki uczestniczek\/uczestnik\u00f3w projektu.<\/p>\n<p style=\"text-align: center;\"><strong><br \/>\n1 POSTANOWIENIA OG\u00d3LNE<\/strong><\/p>\n<p style=\"text-align: left;\">Turniej Gier Planszowych jest elementem projektu\u00a0 \u201eEdutainment. Turniej Gier Planszowych &#8211; edycja miko\u0142ajkowa\u201d realizowanego od 1 grudnia 2017 roku do 20 grudnia 2017 roku, jest przedsi\u0119wzi\u0119ciem polegaj\u0105cym na prowadzeniu rozGRYwek w gry planszowe, kt\u00f3re pozwol\u0105 m\u0142odym ludziom naby\u0107 now\u0105 wiedz\u0119 i wykszta\u0142ci\u0107 nowe kompetencje z tych obszar\u00f3w matematyki, z kt\u00f3rymi nie zawsze maj\u0105 okazj\u0119 zetkn\u0105\u0107 si\u0119 podczas realizacji obowi\u0105zkowego programu nauczania, podnie\u015b\u0107 umiej\u0119tno\u015bci przedsi\u0119biorcze oraz naby\u0107 pozytywne nawyki biznesowe.<\/p>\n<ol style=\"text-align: center;\">\n<li style=\"text-align: left;\">Organizatorem Turnieju Gier Planszowych jest Studenckie Ko\u0142o Naukowe Laboratorium \u201eMatematyczne\u201d Paradoks z siedzib\u0105 na Wydziale Matematyki, Informatyki i Ekonometrii Uniwersytetu Zielonog\u00f3rskiego, ul. Prof. Z. Szafrana 4a, 65-516 Zielona G\u00f3ra.<\/li>\n<li>\n<p style=\"text-align: left;\">Udzia\u0142 w Turnieju Gier Planszowych jest bezp\u0142atny. Osoby, kt\u00f3re pragn\u0105 uczestniczy\u0107 w Turnieju Gier Planszowych obowi\u0105zkowo musz\u0105 zg\u0142osi\u0107 sw\u00f3j udzia\u0142 w Projekcie i z\u0142o\u017cy\u0107 pisemn\u0105 deklaracj\u0119, w kt\u00f3rej zobowi\u0105\u017c\u0105 si\u0119 do regularnego udzia\u0142u w 4 rozGRYwkach (4 Spotkaniach- Turnieju Gier). 4. Spotkania rozGRYwki Gier Planszowych odbywa\u0107 si\u0119 b\u0119d\u0105 w salach Wydzia\u0142u Matematyki, Informatyki i Ekonometrii Uniwersytetu Zielonog\u00f3rskiego wed\u0142ug harmonogramu. Harmonogram zostanie podany na stronie lmp@wmie.uz.zgora.pl po zako\u0144czeniu rekrutacji do projektu.<\/p>\n<p><strong>2 WARUNKI UCZESTNICTWA<\/strong><\/li>\n<\/ol>\n<ol style=\"text-align: center;\">\n<li>\n<p style=\"text-align: left;\">Uczestnikiem Projektu mo\u017ce zosta\u0107 studentka\/student kazdego wydzia\u0142u Uniwersytetu Zielonog\u00f3rskiego oraz uczennica\/ucze\u0144 szko\u0142y ponadgimnazjalnych lub gimnazjum z Zielonej G\u00f3ry i okolic.<\/p>\n<\/li>\n<li style=\"text-align: left;\">Zg\u0142oszeni uczestnicy zostan\u0105 podzieleni na 3 grupy, w kt\u00f3rych b\u0119d\u0105 rywalizowa\u0107 o mo\u017cliwo\u015b\u0107 udzia\u0142u w finale.<\/li>\n<li style=\"text-align: left;\">Liczba grup oraz os\u00f3b przechodz\u0105cych do nast\u0119pnej fazy rozGRYwek b\u0119dzie uzale\u017cniona od liczby zg\u0142oszonych zawodnik\u00f3w.<\/li>\n<li style=\"text-align: left;\">Liczba uczestnik\u00f3w w rozGRYwkach Gier jest ograniczona, decyduje kolejno\u015b\u0107 zg\u0142osze\u0144 graczy.<\/li>\n<li style=\"text-align: left;\">Uczestnikiem Projektu zostanie osoba, kt\u00f3ra zadeklaruje w niej sw\u00f3j udzia\u0142, zarejestruje si\u0119 elektronicznie lub podpisze deklaracj\u0119 uczestnictwa w projekcie, a jej skan prze\u015ble na adres lmp@wmie.uz.zgora.pl w terminie do 5 grudnia 2017 roku lub dostarczy j\u0105 do pokoju 414 w budynku A-29 Wydzia\u0142u Matematyki, Informatyki i Ekonometrii Uniwersytetu Zielonog\u00f3rskiego przy ul. Prof. Z. Szafrana 4a, 65-516 Zielona G\u00f3ra w terminie do 5 grudnia 2017<\/li>\n<\/ol>\n<p style=\"text-align: left;\">W przypadku os\u00f3b niepe\u0142noletnich deklaracja uczestnictwa w Projekcie musi by\u0107 podpisana r\u00f3wnie\u017c przez rodzica lub opiekuna uczestnika Ligi Gier Edukacyjnych.<\/p>\n<ol style=\"text-align: center;\" start=\"6\">\n<li style=\"text-align: left;\">W Turnieju Gier Planszowych mo\u017ce wzi\u0105\u0107 udzia\u0142 maksymalnie od 8-12 dru\u017cyn 5 osobowych. Rekrutacja b\u0119dzie prowadzona do wyczerpania miejsc.<\/li>\n<li style=\"text-align: left;\">Uczestnik rozGRYwek zobowi\u0105zany jest do podpisania zgody na przetwarzanie danych osobowych oraz zgody na wykorzystanie wizerunku w celach promocyjnych dzia\u0142a\u0144 Studenckiego Ko\u0142a Naukowego Laboratorium Matematyczne Paradoks. Ka\u017cdy uczestnik ma prawo dost\u0119pu do tre\u015bci swoich danych oraz ich poprawianie.<\/li>\n<li>\n<p style=\"text-align: left;\">Podanie danych uczestnika jest dobrowolne, jednak ich brak uniemo\u017cliwia udzia\u0142 w rozgrywkach.<\/p>\n<p><strong>3 ZASADY ROZGRYWEK<\/strong><\/li>\n<\/ol>\n<ol style=\"text-align: center;\">\n<li>\n<p style=\"text-align: left;\">W ramach Turnieju Gier Plansz\u00f3wek zawodnicy b\u0119d\u0105 zmaga\u0107 si\u0119 z grami: Geniusz, Dixit, Rummikub, Logix oraz Tajniacy<\/p>\n<\/li>\n<li style=\"text-align: left;\">W przypadku dogrywek lub dodatkowych spotka\u0144 organizowanych na pro\u015bb\u0119 uczestnik\u00f3w mog\u0105 by\u0107 wykorzystane inne gry np. Biznes po polsku, 7 Cud\u00f3w \u015awiata, Wsi\u0105\u015b\u0107 do poci\u0105gu Europa.<\/li>\n<li style=\"text-align: left;\">Zg\u0142oszone dru\u017cyny organizatorzy podziel\u0105 na grupy tak, aby w ka\u017cdej grupie 4 dru\u017cyny rozegra\u0142y \u0142\u0105cznie 4 gry(*), w ka\u017cdej z gier b\u0119dzie uczestniczy\u0107 jeden zawodnik z ka\u017cdej dru\u017cyny. (*) Pi\u0105ta gra zostanie przeprowadzona w ramach rozgrywek fina\u0142owych dru\u017cynowo(Gra Tajniacy).<\/li>\n<\/ol>\n<p style=\"text-align: left;\">Uwaga. Ka\u017cdy zawodnik z danej dru\u017cyny b\u0119dzie j\u0105 reprezentowa\u0142 tylko w jednej grze.<\/p>\n<ol style=\"text-align: left;\" start=\"4\">\n<li>Spotkanie 1(inauguracja projektu oraz zapoznanie z zasadami gier obecno\u015b\u0107 obowi\u0105zkowa wszystkich os\u00f3b zainteresowanych udzia\u0142em w projekcie.<\/li>\n<\/ol>\n<ol style=\"text-align: center;\" start=\"5\">\n<li style=\"text-align: left;\">RozGRYwki fina\u0142owe. W Finale spotkaj\u0105 si\u0119 zawodnicy z dw\u00f3ch pierwszych dru\u017cyn(dru\u017cyny, kt\u00f3re uzyskaj\u0105 1. i 2. miejsce w danej grupie), dru\u017cyny, kt\u00f3re uzyskaj\u0105 3. i 4. miejsce b\u0119d\u0105 rywalizowa\u0107 w II grupie o zwyci\u0119stwo graj\u0105c w gr\u0119 wskazan\u0105 przez Organizator\u00f3w.<\/li>\n<li style=\"text-align: left;\">Terminy Spotka\u0144 zostan\u0105 podane po zako\u0144czeniu rekrutacji.<\/li>\n<li style=\"text-align: left;\">O sposobie podzia\u0142u na dru\u017cyny i organizacj\u0119 uczestnik\u00f3w w grupach decyduje organizator.<\/li>\n<li style=\"text-align: left;\">Podczas spotka\u0144 rozGRYwek Gier Plansz\u00f3wek ka\u017cda rozGRYwka nie mo\u017ce przekroczy\u0107 1 godziny lekcyjnej. Gra zostaje zako\u0144czona z chwil\u0105 osi\u0105gni\u0119cia celu gry przez pierwsz\u0105 osob\u0119 zgodnie z jej zasadami.<\/li>\n<li>\n<p style=\"text-align: left;\">Organizator prowadzi ranking graczy i publikuje go na stronie internetowej http:\/\/www.lmp.wmie.uz.zgora.pl\/<\/p>\n<p><strong>4 PUNKTACJA<\/strong><\/li>\n<\/ol>\n<ol style=\"text-align: center;\">\n<li>\n<p style=\"text-align: left;\">Ka\u017cde spotkanie w rozGRYwkach Gier Plansz\u00f3wek umo\u017cliwia graczowi zdobycie punkt\u00f3w niezb\u0119dnych do wygrania Turnieju Gier Planszowych. Projekt \u201eEdutainment. Turniej Gier Planszowych- edycja miko\u0142ajkowa.<\/p>\n<\/li>\n<li style=\"text-align: left;\">Og\u00f3lne warunki punktacji: gracz, kt\u00f3ry uzyska\u0142 1. miejsce w rozGRYwce gry otrzymuje liczb\u0119 punkt\u00f3w r\u00f3wn\u0105 ilo\u015bci graczy (w przypadku gry 5 osobowej, gracz za 1. miejsce otrzyma 5 punkt\u00f3w, za 2. miejsce 4 punkt\u00f3w itd.).<\/li>\n<li style=\"text-align: left;\">W przypadku remis\u00f3w zostanie sklasyfikowany gracz, kt\u00f3ry uzyska\u0142 wi\u0119ksz\u0105 liczb\u0119 punkt\u00f3w w fazie kwalifikacyjnej.<\/li>\n<li style=\"text-align: left;\">Je\u015bli remisu nie da si\u0119 rozstrzygn\u0105\u0107 sposobem wymienionym w pkt. 3 decydowa\u0107 b\u0119dzie losowanie.<\/li>\n<li style=\"text-align: left;\">Spotkanie 2 i Spotkanie 3 Turnieju Gier Planszowych odb\u0119dzie si\u0119 w konfiguracji podanej przez organizatora zgodnie z rankingiem (osoby, kt\u00f3re zgromadzi\u0142y wi\u0119ksz\u0105 liczb\u0119 punkt\u00f3w b\u0119d\u0105 gra\u0142y z osobami, kt\u00f3re zgromadzi\u0142y ich wi\u0119cej).<\/li>\n<li>\n<p style=\"text-align: left;\">Komisja, wy\u0142oniona spo\u015br\u00f3d os\u00f3b obs\u0142uguj\u0105cych rozGRYwki, ustali kategorie nagr\u00f3d, podejmie decyzj\u0119 o wynikach rozgrywek, a nast\u0119pnie poda do wiadomo\u015bci list\u0119 Laureat\u00f3w. Decyzja Komisji jest ostateczna.<\/p>\n<p><strong>5 NAGRODY<\/strong><\/li>\n<\/ol>\n<ol style=\"text-align: center;\">\n<li>\n<p style=\"text-align: left;\">Dyplomy i puchary otrzymaj\u0105 2 zwyci\u0119zcy pierwszej grupy (I), kt\u00f3ra w spotkaniu eliminacyjnym uzyska najwi\u0119ksz\u0105 liczb\u0119 punkt\u00f3w oraz jedna osoba z grupy drugiej (II).<\/p>\n<\/li>\n<li>\n<p style=\"text-align: left;\">Ka\u017cdy uczestnik Turnieju Gier Planszowych, kt\u00f3ry regularnie b\u0119dzie uczestniczy\u0142 w 4 Spotkaniach na zako\u0144czenie projektu otrzyma za\u015bwiadczenie o uczestnictwie w projekcie.<\/p>\n<p><strong>6 DANE OSOBOWE UCZESTNIK\u00d3W TURNIEJU<\/strong><\/li>\n<\/ol>\n<ol style=\"text-align: center;\">\n<li>\n<p style=\"text-align: left;\">Warunkiem udzia\u0142u w Turnieju Gier Planszowych jest podanie przez Uczestnika prawdziwych danych osobowych w deklaracji uczestnictwa.<\/p>\n<\/li>\n<li style=\"text-align: left;\">Podane dane b\u0119d\u0105 przetwarzane wy\u0142\u0105cznie w celu przeprowadzenia niniejszych rozgrywek oraz w zwi\u0105zku z wydaniem nagr\u00f3d.<\/li>\n<li>\n<p style=\"text-align: left;\">Organizator zastrzega sobie prawo do opublikowania imienia i nazwiska Laureata rozGRYwek w materia\u0142ach reklamowych Organizatora oraz w mediach i w Internecie.<\/p>\n<p><strong>7 POSTANOWIENIA KO\u0143COWE<\/strong><\/li>\n<\/ol>\n<ol>\n<li style=\"text-align: center;\">\n<p style=\"text-align: left;\">Ostateczna interpretacja regulaminu Turnieju Gier Planszowych oraz rozstrzygni\u0119cie kwestii spornych dotycz\u0105cych regu\u0142 rozGRYwek nale\u017cy do obs\u0142ugi rozgrywek.<\/p>\n<\/li>\n<li style=\"text-align: left;\">Decyzja obs\u0142ugi rozGRYwek jest ostateczna i zawodnikom nie przys\u0142uguje prawo do odwo\u0142ania.<\/li>\n<li style=\"text-align: left;\">Organizator zastrzega sobie prawo do odwo\u0142ania rozGRYwek i jego zako\u0144czenia bez rozstrzygni\u0119cia.<\/li>\n<li style=\"text-align: left;\">Szczeg\u00f3\u0142owe zasady konkretnych rozGRYwek w oparciu o zasady gier stworzone przez producent\u00f3w zostan\u0105 przedstawione uczestnikom bezpo\u015brednio przed rozpocz\u0119ciem rozgrywek I na stronie www ko\u0142a..<\/li>\n<li style=\"text-align: left;\">Regulamin Turnieju Gier Planszowych obowi\u0105zuje podczas ca\u0142ego okresu realizacji projektu.<\/li>\n<li style=\"text-align: left;\">We wszelkich kwestiach nie uj\u0119tych w niniejszym regulaminie decyzj\u0119 podejmuje organizator.<\/li>\n<li style=\"text-align: left;\">Zg\u0142oszenie do rozgrywek Gier Planszowych jest r\u00f3wnoznaczne z wyra\u017ceniem zgody na zasady zawarte w Regulaminie Turnieju Gier Planszowych i jednocze\u015bnie wyra\u017ceniem zgody na wykorzystanie danych osobowych na potrzeby organizatora w rozumieniu przepis\u00f3w ustawy z dnia 29 sierpnia 1997 r. o ochronie danych osobowych (Dz.U. z 2002 r., Nr 101, poz. 926 z p\u00f3\u017an. zm.) w celach przeprowadzenia RozGRYwek, wy\u0142onienia zwyci\u0119zc\u00f3w i przyznania nagr\u00f3d.<\/li>\n<li style=\"text-align: left;\">Uczestnicy rozgrywek maj\u0105 prawo wgl\u0105du do swoich danych osobowych i ich poprawiania.<\/li>\n<li style=\"text-align: left;\">Organizator jest uprawniony do zmiany postanowie\u0144 niniejszego Regulaminu, o ile nie wp\u0142ynie to na pogorszenie warunk\u00f3w uczestnictwa w Turnieju Gier Planszowych.<\/li>\n<li style=\"text-align: center;\">\n<p style=\"text-align: left;\">Informacje na temat projektu, regulamin oraz dokumenty rekrutacji b\u0119d\u0105 zamieszczone na stronie internetowej Ko\u0142a Laboratorium Matematyczne Paradoks: www.lmp.wmie.uz.zgora.pl\/.<\/p>\n<\/li>\n<\/ol>\n<p><\/font><\/p>\n","protected":false},"excerpt":{"rendered":"<p>Uniwersytet Zielonog\u00f3rski Wydzia\u0142 Matematyki, Informatyki i Ekonometrii ul. prof. Z. Szafrana 4a 65-516 Zielona G\u00f3ra REGULAMIN Turniej Gier Planszowych jest<\/p>\n","protected":false},"author":3,"featured_media":0,"parent":0,"menu_order":0,"comment_status":"closed","ping_status":"closed","template":"","meta":[],"_links":{"self":[{"href":"http:\/\/www.lmp.wmie.uz.zgora.pl\/index.php?rest_route=\/wp\/v2\/pages\/499"}],"collection":[{"href":"http:\/\/www.lmp.wmie.uz.zgora.pl\/index.php?rest_route=\/wp\/v2\/pages"}],"about":[{"href":"http:\/\/www.lmp.wmie.uz.zgora.pl\/index.php?rest_route=\/wp\/v2\/types\/page"}],"author":[{"embeddable":true,"href":"http:\/\/www.lmp.wmie.uz.zgora.pl\/index.php?rest_route=\/wp\/v2\/users\/3"}],"replies":[{"embeddable":true,"href":"http:\/\/www.lmp.wmie.uz.zgora.pl\/index.php?rest_route=%2Fwp%2Fv2%2Fcomments&post=499"}],"version-history":[{"count":21,"href":"http:\/\/www.lmp.wmie.uz.zgora.pl\/index.php?rest_route=\/wp\/v2\/pages\/499\/revisions"}],"predecessor-version":[{"id":613,"href":"http:\/\/www.lmp.wmie.uz.zgora.pl\/index.php?rest_route=\/wp\/v2\/pages\/499\/revisions\/613"}],"wp:attachment":[{"href":"http:\/\/www.lmp.wmie.uz.zgora.pl\/index.php?rest_route=%2Fwp%2Fv2%2Fmedia&parent=499"}],"curies":[{"name":"wp","href":"https:\/\/api.w.org\/{rel}","templated":true}]}}