{"id":514,"date":"2017-11-27T13:09:12","date_gmt":"2017-11-27T12:09:12","guid":{"rendered":"http:\/\/www.lmp.wmie.uz.zgora.pl\/?page_id=514"},"modified":"2017-12-01T22:36:04","modified_gmt":"2017-12-01T21:36:04","slug":"o-rozgrywkach","status":"publish","type":"page","link":"http:\/\/www.lmp.wmie.uz.zgora.pl\/?page_id=514","title":{"rendered":"O Rozgrywkach"},"content":{"rendered":"<table border=\"solid\">\n<tbody>\n<tr>\n<td><img decoding=\"async\" loading=\"lazy\" class=\"alignnone size-full wp-image-578\" src=\"http:\/\/www.lmp.wmie.uz.zgora.pl\/wp-content\/uploads\/2017\/11\/lmp.gif\" alt=\"lmp\" width=\"444\" height=\"207\" \/><\/td>\n<td>Uniwersytet Zielonog\u00f3rski<br \/>\nWydzia\u0142 Matematyki, Informatyki i Ekonometrii<br \/>\nul. prof. Z. Szafrana 4a<br \/>\n65-516 Zielona G\u00f3ra<\/td>\n<td><img decoding=\"async\" loading=\"lazy\" class=\"alignnone size-full wp-image-493\" src=\"http:\/\/www.lmp.wmie.uz.zgora.pl\/wp-content\/uploads\/2017\/11\/logo_wmie-1.jpg\" alt=\"logo_wmie\" width=\"216\" height=\"185\" \/><\/td>\n<\/tr>\n<\/tbody>\n<\/table>\n<p><strong>Projekt: Edutainment. Turniej Gier Planszowych- edycja miko\u0142ajkowa<\/strong><\/p>\n<p><strong>O projekcie<\/strong><br \/>\n\u017byjemy w czasach dynamicznych zmian, kt\u00f3rym towarzyszy gwa\u0142towny rozw\u00f3j technologiczny i organizacyjny przedsi\u0119biorstw. Istnieje potrzeba zdobywania nowej wiedzy i kszta\u0142towania nowych kompetencji. Nasuwa si\u0119 pytanie\u201d Jak uczy\u0107 si\u0119 szybciej, bardziej efektywnie i bardziej wszechstronnie, aby sprosta\u0107 wyzwaniom wsp\u00f3\u0142czesnego \u015bwiata\u201d? Odpowiedzi\u0105 na to pytanie mo\u017ce by\u0107 Edutainment &#8211; edukacja i rozrywka w jednym, a przyk\u0142adem jego narz\u0119dzia np. w biznesie s\u0105 gry symulacyjne planszowe, coraz ch\u0119tniej i cz\u0119\u015bciej wykorzystywane w celu podnoszenia kwalifikacji pracownik\u00f3w.<\/p>\n<p><strong>Projekt pt.\u201d Edutainment. Turniej Gier Planszowych- edycja miko\u0142ajkowa<\/strong> jest skierowany do student\u00f3w UZ i m\u0142odzie\u017cy szkolnej z Zielonej G\u00f3ry i okolic.<\/p>\n<p><strong>Ide\u0105 Projektu<\/strong> jest popularyzowanie matematyki, pokazanie jej zastosowa\u0144 we wsp\u00f3\u0142czesnym \u015bwiecie w\u015br\u00f3d student\u00f3w i m\u0142odzie\u017cy szkolnej poprzez uczestnictwo w rozgrywkach gier planszowych \u2013 edu &#8211; rozrywk\u0119.<\/p>\n<p><strong>Zadaniem Projektu<\/strong> jest zach\u0119cenie m\u0142odzie\u017cy do zaplanowania swojej przysz\u0142ej kariery zawodowej w obszarach, w kt\u00f3rych nauki \u015bcis\u0142e, ekonomiczne i techniczne, a w szczeg\u00f3lno\u015bci matematyka, odgrywaj\u0105 istotn\u0105 rol\u0119, podj\u0119cia studi\u00f3w na Uniwersytecie Zielonog\u00f3rskim a w niedalekiej przysz\u0142o\u015bci podj\u0119cia pracy zawodowej w Zielonej G\u00f3rze lub jej okolicach.<\/p>\n<p><strong>Celem Projektu<\/strong> jest umo\u017cliwienie m\u0142odym ludziom nabycie nowej wiedzy i wykszta\u0142towania nowych kompetencji poza zaj\u0119ciami obowi\u0105zkowymi (sal\u0105 lekcyjn\u0105 i wyk\u0142adow\u0105) z tych obszar\u00f3w matematyki, z kt\u00f3rymi nie zawsze maj\u0105 okazj\u0119 zetkn\u0105\u0107 si\u0119 podczas realizacji obowi\u0105zkowego programu nauczania.<\/p>\n<p><strong>W ramach Projektu<\/strong> odb\u0119d\u0105 si\u0119 <strong>Spotkania z Matematyk\u0105<\/strong> &#8211; spotkania z zielonog\u00f3rskimi matematykami, przedstawicielami Oddzia\u0142u Zielonog\u00f3rskiego Polskiego Towarzystwa Matematycznego, kt\u00f3rzy wprowadz\u0105 uczestnik\u00f3w projektu w \u015bwiat matematyki, poka\u017c\u0105 jej uniwersalno\u015b\u0107 i wszechobecno\u015b\u0107 a przedstawiciele ko\u0142a przeprowadz\u0105 <strong>warsztaty matematyczne oraz mi\u0119dzywydzia\u0142owe i mi\u0119dzyszkolne turnieje gier planszowych.<\/strong><\/p>\n<p><strong>Spotkania z Matematyk\u0105<\/strong> to przedsi\u0119wzi\u0119cie b\u0119d\u0105ce elementem projektu w ramach, kt\u00f3rego odbywa\u0107 si\u0119 b\u0119d\u0105 sesje popularnonaukowe, rozGRYwki mi\u0119dzywydzia\u0142owe i mi\u0119dzyszkolne gier planszowych. W organizacj\u0119 Spotka\u0144 z Matematyk\u0105 zaanga\u017cowa\u0142o si\u0119 \u015brodowisko matematyczne skupione wok\u00f3\u0142 Oddzia\u0142u Zielonog\u00f3rskiego Polskiego Towarzystwa Matematycznego.<\/p>\n<p><strong>Celem Spotka\u0144 z Matematyk\u0105<\/strong> jest uzmys\u0142owienie m\u0142odym ludziom, \u017ce \u015bwiat matematyki nie jest hermetyczny, a sama matematyka jest uniwersalnym kluczem, kt\u00f3ry otwiera drzwi wielu naukom do najwi\u0119kszych i niezg\u0142\u0119bionych tajemnic wszech\u015bwiata.<\/p>\n<p><strong>Miejscem realizacji Projektu<\/strong> s\u0105 sale budynku Wydzia\u0142u Matematyki, Informatyki i Ekonometrii Uniwersytetu Zielonog\u00f3rskiego.<\/p>\n<p><strong>Spotkania z Matematyk\u0105<\/strong>, rozGRYwki Ligi Gier Edukacyjnych zostan\u0105 zorganizowane i przeprowadzone przez cz\u0142onk\u00f3w Studenckiego Ko\u0142a Naukowego Laboratorium \u201eMatematyczne\u201d Paradoks.<\/p>\n<p><strong>O Turnieju Gier Planszowych<\/strong><br \/>\nTurniej Gier Planszowych \u2013 przedsi\u0119wzi\u0119cie, kt\u00f3re jest elementem projektu adresowane do student\u00f3w i m\u0142odzie\u017cy szkolnej, kt\u00f3ra pragnie poszerzy\u0107 i pog\u0142\u0119bi\u0107 zdobyt\u0105 wiedz\u0119 i rozwija\u0107 swoje umiej\u0119tno\u015bci przedsi\u0119biorcze poza zaj\u0119ciami obowi\u0105zkowymi.<\/p>\n<p><strong>W Turnieju Gier Planszowych<\/strong> mog\u0105 uczestniczy\u0107 osoby, kt\u00f3re pragn\u0105 wzbogaci\u0107 swoj\u0105 wiedz\u0119 z zakresu biznesu i sprawdzi\u0107 swoje umiej\u0119tno\u015bci prowadzenia w\u0142asnego przedsi\u0119biorstwa w grach symulacyjnych.<\/p>\n<p><strong>Turnieje Gier Planszowych<\/strong> prowadzone b\u0119d\u0105 w systemie punktowym, kt\u00f3ry pozwoli wy\u0142oni\u0107 najbardziej przedsi\u0119biorcze dru\u017cyny i osoby.<\/p>\n<p><strong>W Turnieju Gier Planszowych<\/strong> Organizatorzy mog\u0105 wykorzystan\u0107 gry : Eurocash, Szcz\u0119\u015b\u0107 Bo\u017ce, Osadnicy z Catanu, Batavia i Cashflow lub Geniusz, Enigma, Dixit,, Logix, Tajniacy.<\/p>\n<p><strong>Zasady gier wykorzystanych w Turnieju<\/strong> zostan\u0105 zaprezentowane na stronie <a href=\"http:\/\/www.lmp.wmie.uz.zgora.pl\/\">http:\/\/www.lmp.wmie.uz.zgora.pl\/<\/a> oraz przez cz\u0142onk\u00f3w Studenckiego Ko\u0142a Naukowego Laboratorium \u201eMatematyczne\u201d Paradoks<\/p>\n<p><strong>Zwyci\u0119zcy Turnieju<\/strong> otrzymaj\u0105 dyplomy i nagrody, kt\u00f3re b\u0119d\u0105 zale\u017ce\u0107 od liczby zdobytych punkt\u00f3w.<\/p>\n<p>W Turnieju Gier Planszowych mo\u017ce wzi\u0105\u0107 udzia\u0142 od 8 do 12 dru\u017cyn.<br \/>\nSzko\u0142a, wydzia\u0142 mo\u017ce wystawi\u0107 co najmniej jedn\u0105 reprezentacj\u0119, minimum 5 os\u00f3b.<\/p>\n<p><strong>Projekt b\u0119dzie realizowany<\/strong> od 1 do 20 grudnia 2017roku.<\/p>\n<p>Turnieje Gier Planszowych zostan\u0105 przeprowadzone w terminach:<br \/>\n<strong>5 grudnia 2017 w godzinach 11:00-15:00 sala 117 i 108 budynku A-29 WMIiE UZ<\/strong><br \/>\n<strong> 12 grudnia 2017 w godzinach 11:00-15:00 sala 117 i 108 budynku A-29 WMIiE UZ<\/strong><br \/>\nW Zielonej G\u00f3rze, ul. Prof. Z. Szafrana 4a .<\/p>\n<p><strong>Podczas turnieju<\/strong> poszczeg\u00f3lne osoby z dru\u017cyny rozegraj\u0105 kilka partii w wybranej przez organizator\u00f3w grze planszowej.<\/p>\n<p><strong>Zdobywcy najwi\u0119kszej liczby punkt\u00f3w<\/strong> zmierz\u0105 si\u0119 ze sob\u0105 w finale i zawalcz\u0105 o tytu\u0142u \u201eNajlepszego Gracza 2017\u201d w dniu 12 grudnia 2017 roku.<\/p>\n<p><strong>Zg\u0142oszenie uczestnictwa w Projekcie:<\/strong><br \/>\n<strong> \u2022 Uczniowie szk\u00f3\u0142 ponadpodstawowych<\/strong><br \/>\nAby uczestniczy\u0107 w projekcie nale\u017cy: Napisa\u0107 E-maila na adres: lmp@wmie.uz.zgora.pl.<br \/>\nW wiadomo\u015bci nale\u017cy poda\u0107:<br \/>\n\u2013 nazw\u0119 i adres szko\u0142y, kt\u00f3r\u0105 uczestnicy b\u0119d\u0105 reprezentowa\u0107 w turnieju<br \/>\n\u2013 wiek i klas\u0119 uczni\u00f3w wchodz\u0105cych do reprezentacji szko\u0142y<br \/>\n\u2013 telefon kontaktowy oraz E-mail (ucznia i nauczyciela<br \/>\nlub zarejestrowa\u0107 si\u0119 elektronicznie,<br \/>\nrejestracja: <a href=\"https:\/\/docs.google.com\/forms\/d\/e\/1FAIpQLScdwVMmnn6Gaze6ICXfSQnyNVmXa_dE9rDf8U7wr6Rdkih-hg\/viewform\">https:\/\/docs.google.com\/forms\/d\/e\/1FAIpQLScdwVMmnn6Gaze6ICXfSQnyNVmXa_dE9rDf8U7wr6Rdkih-hg\/viewform<\/a><\/p>\n<p>Reprezentacj\u0119 szko\u0142y zg\u0142asza nauczyciel matematyki za zgod\u0105 Dyrektora Szko\u0142y, uczni\u00f3w i rodzic\u00f3w (w przypadku uczni\u00f3w niepe\u0142noletnich).<\/p>\n<p><strong>\u2022 Studenci<\/strong><\/p>\n<p>Uczestniczk\u0119\/uczestnika reprezentacji wydzia\u0142u\/kierunku Uniwersytetu Zielonog\u00f3rskiego zg\u0142asza starosta grupy lub sam zainteresowany wysy\u0142aj\u0105c E-mail na adres lmp@wmie.uz.zgora.pl lub wype\u0142niaj\u0105c formularz: <a href=\"https:\/\/docs.google.com\/forms\/d\/e\/1FAIpQLSdFu0_4NeQ9A1zzPaMG_-QMCsArKWJDwl8qa-_ECZjwCJ6Dpw\/viewform\">https:\/\/docs.google.com\/forms\/d\/e\/1FAIpQLSdFu0_4NeQ9A1zzPaMG_-QMCsArKWJDwl8qa-_ECZjwCJ6Dpw\/viewform<\/a><\/p>\n<p><strong>Udzia\u0142 w Turnieju jest bezp\u0142atny.<\/strong><\/p>\n","protected":false},"excerpt":{"rendered":"<p>Uniwersytet Zielonog\u00f3rski Wydzia\u0142 Matematyki, Informatyki i Ekonometrii ul. prof. Z. Szafrana 4a 65-516 Zielona G\u00f3ra Projekt: Edutainment. Turniej Gier Planszowych-<\/p>\n","protected":false},"author":3,"featured_media":0,"parent":0,"menu_order":0,"comment_status":"closed","ping_status":"closed","template":"","meta":[],"_links":{"self":[{"href":"http:\/\/www.lmp.wmie.uz.zgora.pl\/index.php?rest_route=\/wp\/v2\/pages\/514"}],"collection":[{"href":"http:\/\/www.lmp.wmie.uz.zgora.pl\/index.php?rest_route=\/wp\/v2\/pages"}],"about":[{"href":"http:\/\/www.lmp.wmie.uz.zgora.pl\/index.php?rest_route=\/wp\/v2\/types\/page"}],"author":[{"embeddable":true,"href":"http:\/\/www.lmp.wmie.uz.zgora.pl\/index.php?rest_route=\/wp\/v2\/users\/3"}],"replies":[{"embeddable":true,"href":"http:\/\/www.lmp.wmie.uz.zgora.pl\/index.php?rest_route=%2Fwp%2Fv2%2Fcomments&post=514"}],"version-history":[{"count":3,"href":"http:\/\/www.lmp.wmie.uz.zgora.pl\/index.php?rest_route=\/wp\/v2\/pages\/514\/revisions"}],"predecessor-version":[{"id":596,"href":"http:\/\/www.lmp.wmie.uz.zgora.pl\/index.php?rest_route=\/wp\/v2\/pages\/514\/revisions\/596"}],"wp:attachment":[{"href":"http:\/\/www.lmp.wmie.uz.zgora.pl\/index.php?rest_route=%2Fwp%2Fv2%2Fmedia&parent=514"}],"curies":[{"name":"wp","href":"https:\/\/api.w.org\/{rel}","templated":true}]}}