{"id":531,"date":"2017-11-28T10:13:33","date_gmt":"2017-11-28T09:13:33","guid":{"rendered":"http:\/\/www.lmp.wmie.uz.zgora.pl\/?page_id=531"},"modified":"2018-04-15T22:37:10","modified_gmt":"2018-04-15T20:37:10","slug":"edycja-mikolajkowa-20172018","status":"publish","type":"page","link":"http:\/\/www.lmp.wmie.uz.zgora.pl\/?page_id=531","title":{"rendered":"Edycja Miko\u0142ajkowa 2017"},"content":{"rendered":"<hr \/>\n<div style=\"height: 50px;\"><\/div>\n<p><a style=\"background: #dd5533; color: white; display: block; width: 80%; margin-left: auto; margin-right: auto; text-align: center; box-shadow: 5px 5px 2px #888888;\" href=\"https:\/\/goo.gl\/forms\/WIjwKsAytTJvLId33\">Zapisz si\u0119 dla Studenta<\/a><br \/>\n<a style=\"background: #dd5533; color: white; display: block; width: 80%; margin-left: auto; margin-right: auto; text-align: center; box-shadow: 5px 5px 2px #888888;\" href=\"https:\/\/docs.google.com\/forms\/d\/e\/1FAIpQLScdwVMmnn6Gaze6ICXfSQnyNVmXa_dE9rDf8U7wr6Rdkih-hg\/viewform\">Zapisz si\u0119 dla Szk\u00f3\u0142<\/a><\/p>\n<div style=\"display: flex; width: 80%; margin-left: auto; margin-right: auto; justify-content: space-between;\"><a style=\"background: #dd5533; color: white; display: block; width: 49%; margin-left: auto; margin-right: auto; text-align: center; box-shadow: 5px 5px 2px #888888;\" href=\"http:\/\/www.lmp.wmie.uz.zgora.pl\/?page_id=514\">O Rozgrywkach<\/a><br \/>\n<a style=\"background: #dd5533; color: white; display: block; width: 49%; margin-left: auto; margin-right: auto; text-align: center; box-shadow: 5px 5px 2px #888888;\" href=\"http:\/\/www.lmp.wmie.uz.zgora.pl\/?page_id=499\">Regulamin<\/a><\/div>\n<div style=\"height: 50px;\"><\/div>\n<p><center><sup>*Zapisy na rozGRYwki s\u0105 otwarte do godziny 23:00 04.12.2017 (Poniedzia\u0142ek)<\/sup><center><\/center><\/center><\/p>\n","protected":false},"excerpt":{"rendered":"<p>Zapisz si\u0119 dla Studenta Zapisz si\u0119 dla Szk\u00f3\u0142 O Rozgrywkach Regulamin *Zapisy na rozGRYwki s\u0105 otwarte do godziny 23:00 04.12.2017<\/p>\n","protected":false},"author":3,"featured_media":0,"parent":0,"menu_order":0,"comment_status":"closed","ping_status":"closed","template":"","meta":[],"_links":{"self":[{"href":"http:\/\/www.lmp.wmie.uz.zgora.pl\/index.php?rest_route=\/wp\/v2\/pages\/531"}],"collection":[{"href":"http:\/\/www.lmp.wmie.uz.zgora.pl\/index.php?rest_route=\/wp\/v2\/pages"}],"about":[{"href":"http:\/\/www.lmp.wmie.uz.zgora.pl\/index.php?rest_route=\/wp\/v2\/types\/page"}],"author":[{"embeddable":true,"href":"http:\/\/www.lmp.wmie.uz.zgora.pl\/index.php?rest_route=\/wp\/v2\/users\/3"}],"replies":[{"embeddable":true,"href":"http:\/\/www.lmp.wmie.uz.zgora.pl\/index.php?rest_route=%2Fwp%2Fv2%2Fcomments&post=531"}],"version-history":[{"count":38,"href":"http:\/\/www.lmp.wmie.uz.zgora.pl\/index.php?rest_route=\/wp\/v2\/pages\/531\/revisions"}],"predecessor-version":[{"id":1064,"href":"http:\/\/www.lmp.wmie.uz.zgora.pl\/index.php?rest_route=\/wp\/v2\/pages\/531\/revisions\/1064"}],"wp:attachment":[{"href":"http:\/\/www.lmp.wmie.uz.zgora.pl\/index.php?rest_route=%2Fwp%2Fv2%2Fmedia&parent=531"}],"curies":[{"name":"wp","href":"https:\/\/api.w.org\/{rel}","templated":true}]}}