{"id":850,"date":"2018-04-23T18:01:10","date_gmt":"2018-04-23T16:01:10","guid":{"rendered":"http:\/\/www.lmp.wmie.uz.zgora.pl\/?page_id=850"},"modified":"2019-11-14T19:43:03","modified_gmt":"2019-11-14T18:43:03","slug":"850-2","status":"publish","type":"page","link":"http:\/\/www.lmp.wmie.uz.zgora.pl\/?page_id=850","title":{"rendered":"Kontakt"},"content":{"rendered":"<h1 style=\"text-align: center;\">Kontakt<\/h1>\n<hr>\n<h3 style=\"text-align: center;\">Zarz\u0105d ko\u0142a :<\/h3>\n<p style=\"text-align: center;\"><span style=\"color: #ff0000;\"><span style=\"font-family: 'MS Sans Serif'; font-size: large;\">lmp@wmie.uz.zgora.pl<\/span>&nbsp;<\/span><\/p>\n<h3 style=\"text-align: center;\">Opiekun naukowy dr Krystyna Bia\u0142ek :<\/h3>\n<p style=\"text-align: center;\"><span style=\"color: #ff0000;\"><span style=\"font-family: 'MS Sans Serif'; font-size: large;\">k.bialek@wmie.uz.zgora.pl<\/span>&nbsp;<\/span><\/p>\n","protected":false},"excerpt":{"rendered":"<p>Kontakt Zarz\u0105d ko\u0142a : lmp@wmie.uz.zgora.pl&nbsp; Opiekun naukowy dr Krystyna Bia\u0142ek : k.bialek@wmie.uz.zgora.pl&nbsp;<\/p>\n","protected":false},"author":4,"featured_media":0,"parent":0,"menu_order":0,"comment_status":"closed","ping_status":"closed","template":"","meta":[],"_links":{"self":[{"href":"http:\/\/www.lmp.wmie.uz.zgora.pl\/index.php?rest_route=\/wp\/v2\/pages\/850"}],"collection":[{"href":"http:\/\/www.lmp.wmie.uz.zgora.pl\/index.php?rest_route=\/wp\/v2\/pages"}],"about":[{"href":"http:\/\/www.lmp.wmie.uz.zgora.pl\/index.php?rest_route=\/wp\/v2\/types\/page"}],"author":[{"embeddable":true,"href":"http:\/\/www.lmp.wmie.uz.zgora.pl\/index.php?rest_route=\/wp\/v2\/users\/4"}],"replies":[{"embeddable":true,"href":"http:\/\/www.lmp.wmie.uz.zgora.pl\/index.php?rest_route=%2Fwp%2Fv2%2Fcomments&post=850"}],"version-history":[{"count":6,"href":"http:\/\/www.lmp.wmie.uz.zgora.pl\/index.php?rest_route=\/wp\/v2\/pages\/850\/revisions"}],"predecessor-version":[{"id":1060,"href":"http:\/\/www.lmp.wmie.uz.zgora.pl\/index.php?rest_route=\/wp\/v2\/pages\/850\/revisions\/1060"}],"wp:attachment":[{"href":"http:\/\/www.lmp.wmie.uz.zgora.pl\/index.php?rest_route=%2Fwp%2Fv2%2Fmedia&parent=850"}],"curies":[{"name":"wp","href":"https:\/\/api.w.org\/{rel}","templated":true}]}}